{"id":136,"date":"2016-12-05T17:34:41","date_gmt":"2016-12-05T16:34:41","guid":{"rendered":"http:\/\/jurapilates.com\/?page_id=136"},"modified":"2016-12-06T22:50:25","modified_gmt":"2016-12-06T21:50:25","slug":"cours","status":"publish","type":"page","link":"https:\/\/jurapilates.com\/index.php\/cours\/","title":{"rendered":"Cours collectifs"},"content":{"rendered":"<h3><span style=\"color: #33cccc;\"><strong>Jura Pilates<\/strong><\/span><\/h3>\n<ul>\n<li>Une ambiance professionnelle et conviviale<\/li>\n<li>Des cours adapt\u00e9s \u00e0 tous les niveaux<\/li>\n<li>Une \u00e9coute des besoins sp\u00e9cifiques<\/li>\n<li>Un climat de confiance<\/li>\n<li>Un suivi et des corrections tactiles pour la bonne r\u00e9alisation des exercices<\/li>\n<\/ul>\n","protected":false},"excerpt":{"rendered":"<p>Jura Pilates Une ambiance professionnelle et conviviale Des cours adapt\u00e9s \u00e0 tous les niveaux Une \u00e9coute des besoins sp\u00e9cifiques Un climat de confiance Un suivi et des corrections tactiles pour la bonne r\u00e9alisation des exercices<\/p>\n","protected":false},"author":1,"featured_media":0,"parent":0,"menu_order":0,"comment_status":"closed","ping_status":"closed","template":"","meta":[],"_links":{"self":[{"href":"https:\/\/jurapilates.com\/index.php\/wp-json\/wp\/v2\/pages\/136"}],"collection":[{"href":"https:\/\/jurapilates.com\/index.php\/wp-json\/wp\/v2\/pages"}],"about":[{"href":"https:\/\/jurapilates.com\/index.php\/wp-json\/wp\/v2\/types\/page"}],"author":[{"embeddable":true,"href":"https:\/\/jurapilates.com\/index.php\/wp-json\/wp\/v2\/users\/1"}],"replies":[{"embeddable":true,"href":"https:\/\/jurapilates.com\/index.php\/wp-json\/wp\/v2\/comments?post=136"}],"version-history":[{"count":4,"href":"https:\/\/jurapilates.com\/index.php\/wp-json\/wp\/v2\/pages\/136\/revisions"}],"predecessor-version":[{"id":212,"href":"https:\/\/jurapilates.com\/index.php\/wp-json\/wp\/v2\/pages\/136\/revisions\/212"}],"wp:attachment":[{"href":"https:\/\/jurapilates.com\/index.php\/wp-json\/wp\/v2\/media?parent=136"}],"curies":[{"name":"wp","href":"https:\/\/api.w.org\/{rel}","templated":true}]}}