{"id":2,"date":"2016-11-27T19:26:53","date_gmt":"2016-11-27T18:26:53","guid":{"rendered":"http:\/\/jurapilates.com\/?page_id=2"},"modified":"2025-07-16T11:08:27","modified_gmt":"2025-07-16T09:08:27","slug":"page-d-exemple","status":"publish","type":"page","link":"https:\/\/jurapilates.com\/","title":{"rendered":"Bienvenue \u00e0 Jura Pilates"},"content":{"rendered":"<h1><span style=\"color: #33cccc;\">Bonjour \u00e0 tou\u00b7te\u00b7s<\/span><\/h1>\n<p>Jura Pilates vous accueille sur ses diff\u00e9rents lieux de cours dans les Franches Montages et le Jura bernois. D\u00e9couvrez ou perfectionnez la m\u00e9thode Pilates dans une ambiance conviviale et d\u00e9tendue.<\/p>\n<p>Le Pilates est adapt\u00e9 \u00e0 tous.<\/p>\n<p>Gr\u00e2ce \u00e0 des mouvement fluides et contr\u00f4l\u00e9s et une respiration ma\u00eetris\u00e9e, la m\u00e9thode Pilates est une gymnastique douce qui corrige la posture, tonifie, affine et assouplit\u00a0en \u00e9tirant et raffermissant les muscles.<\/p>\n<p><span style=\"color: #33cccc;\">En tant que membre de l'association professionnelle BGB Schweiz les cours Pilates de Jura Pilates sont reconnus par les assurances compl\u00e9mentaires de certaines caisses maladie.\u00a0<\/span><\/p>\n<p>\u00a0<\/p>\n<p><strong><span style=\"color: #ff00ff;\">NOUVEAU<\/span><\/strong><\/p>\n<p>Les places sont limit\u00e9es, pensez \u00e0 vous inscrire rapidement.<\/p>\n<p>Plus d'infos <span style=\"color: #ff00ff;\"><strong><a style=\"color: #ff00ff;\" href=\"https:\/\/jurapilates.com\/index.php\/horaires\/\">ici<\/a>.<\/strong><\/span><\/p>\n<hr \/>\n<p>Profitez de tous les avantages des cours priv\u00e9s:<\/p>\n<ul>\n<li>Entrainement personnalis\u00e9s pour des progr\u00e8s cibl\u00e9s<\/li>\n<li>Entrainement chez vous ou \u00e0 Bellelay<\/li>\n<li>Entraiment au sol ou sur Reformer<\/li>\n<\/ul>\n<p>Plus d'infos <strong><span style=\"color: #ff00ff;\"><a style=\"color: #ff00ff;\" href=\"https:\/\/jurapilates.com\/index.php\/cours-individuels\/\">ici<\/a>.<\/span><\/strong><\/p>\n<p>\u00a0<\/p>\n<p><a href=\"http:\/\/www.bgb-schweiz.ch\/de\/home\"><img loading=\"lazy\" class=\"alignnone size-full wp-image-313\" src=\"http:\/\/jurapilates.com\/wp-content\/uploads\/2016\/11\/BGB-Logo_200x146.jpg\" alt=\"\" width=\"200\" height=\"146\" \/><\/a>\u00a0 \u00a0\u00a0<a href=\"https:\/\/www.arcjurassien.prosenectute.ch\/\"><img loading=\"lazy\" class=\"alignnone size-medium wp-image-645\" src=\"http:\/\/jurapilates.com\/wp-content\/uploads\/2016\/11\/pro-senectute-logo-300x143.jpg\" alt=\"\" width=\"300\" height=\"143\" srcset=\"https:\/\/jurapilates.com\/wp-content\/uploads\/2016\/11\/pro-senectute-logo-300x143.jpg 300w, https:\/\/jurapilates.com\/wp-content\/uploads\/2016\/11\/pro-senectute-logo.jpg 303w\" sizes=\"(max-width: 300px) 100vw, 300px\" \/><\/a><\/p>\n\n\n<figure class=\"wp-block-image size-large is-resized\"><a href=\"https:\/\/www.fitness-guide.ch\/fr\/home\/\"><img loading=\"lazy\" src=\"http:\/\/jurapilates.com\/wp-content\/uploads\/2021\/02\/Qualitaebel_Fitnessguide_Kursanbieter_rund-1.jpg\" alt=\"\" class=\"wp-image-828\" width=\"279\" height=\"276\" srcset=\"https:\/\/jurapilates.com\/wp-content\/uploads\/2021\/02\/Qualitaebel_Fitnessguide_Kursanbieter_rund-1.jpg 500w, https:\/\/jurapilates.com\/wp-content\/uploads\/2021\/02\/Qualitaebel_Fitnessguide_Kursanbieter_rund-1-300x296.jpg 300w\" sizes=\"(max-width: 279px) 100vw, 279px\" \/><\/a><\/figure>\n","protected":false},"excerpt":{"rendered":"<p>Bonjour \u00e0 tou\u00b7te\u00b7s Jura Pilates vous accueille sur ses diff\u00e9rents lieux de cours dans les Franches Montages et le Jura bernois. D\u00e9couvrez ou perfectionnez la m\u00e9thode Pilates dans une ambiance conviviale et d\u00e9tendue. Le Pilates est adapt\u00e9 \u00e0 tous. Gr\u00e2ce \u00e0 des mouvement fluides et contr\u00f4l\u00e9s et une respiration ma\u00eetris\u00e9e, la m\u00e9thode Pilates est une <a href=\"https:\/\/jurapilates.com\/\" class=\"more-link\">...continue reading<span class=\"screen-reader-text\"> \"Bienvenue \u00e0 Jura Pilates\"<\/span><\/a><\/p>\n","protected":false},"author":1,"featured_media":0,"parent":0,"menu_order":0,"comment_status":"closed","ping_status":"open","template":"","meta":[],"_links":{"self":[{"href":"https:\/\/jurapilates.com\/index.php\/wp-json\/wp\/v2\/pages\/2"}],"collection":[{"href":"https:\/\/jurapilates.com\/index.php\/wp-json\/wp\/v2\/pages"}],"about":[{"href":"https:\/\/jurapilates.com\/index.php\/wp-json\/wp\/v2\/types\/page"}],"author":[{"embeddable":true,"href":"https:\/\/jurapilates.com\/index.php\/wp-json\/wp\/v2\/users\/1"}],"replies":[{"embeddable":true,"href":"https:\/\/jurapilates.com\/index.php\/wp-json\/wp\/v2\/comments?post=2"}],"version-history":[{"count":83,"href":"https:\/\/jurapilates.com\/index.php\/wp-json\/wp\/v2\/pages\/2\/revisions"}],"predecessor-version":[{"id":1079,"href":"https:\/\/jurapilates.com\/index.php\/wp-json\/wp\/v2\/pages\/2\/revisions\/1079"}],"wp:attachment":[{"href":"https:\/\/jurapilates.com\/index.php\/wp-json\/wp\/v2\/media?parent=2"}],"curies":[{"name":"wp","href":"https:\/\/api.w.org\/{rel}","templated":true}]}}