{"id":46,"date":"2016-12-05T15:50:08","date_gmt":"2016-12-05T14:50:08","guid":{"rendered":"http:\/\/jurapilates.com\/?page_id=46"},"modified":"2016-12-05T21:11:10","modified_gmt":"2016-12-05T20:11:10","slug":"les-bienfaits-page","status":"publish","type":"page","link":"https:\/\/jurapilates.com\/index.php\/les-bienfaits-page\/","title":{"rendered":"Les bienfaits"},"content":{"rendered":"<ul>\n<li>Diminuer les douleurs dorsale gr\u00e2ce au renforcement musculaire en profondeur du dos<\/li>\n<li>Renforcer la ceinture abdominale<\/li>\n<li>Renforcer la musculation globale<\/li>\n<li>Tonifier, affiner et assouplir en \u00e9tirant et raffermissant les muscles<\/li>\n<li>Am\u00e9liorer le souffle et la concentration gr\u00e2ce au travail sur la respiration<\/li>\n<li>D\u00e9tendre et aider \u00e0 lutter contre le stress physique et mental<\/li>\n<li>Corriger l\u2019alignement postural<\/li>\n<li>Renforcer l\u2018\u00e9quilibre<\/li>\n<li>Am\u00e9liorer la mobilit\u00e9<\/li>\n<li>Apporter une silhouette \u00e9l\u00e9gante et sportive pour une meilleure pr\u00e9sence physique et mentale<\/li>\n<\/ul>\n","protected":false},"excerpt":{"rendered":"<p>Diminuer les douleurs dorsale gr\u00e2ce au renforcement musculaire en profondeur du dos Renforcer la ceinture abdominale Renforcer la musculation globale Tonifier, affiner et assouplir en \u00e9tirant et raffermissant les muscles Am\u00e9liorer le souffle et la concentration gr\u00e2ce au travail sur la respiration D\u00e9tendre et aider \u00e0 lutter contre le stress physique et mental Corriger l\u2019alignement <a href=\"https:\/\/jurapilates.com\/index.php\/les-bienfaits-page\/\" class=\"more-link\">...continue reading<span class=\"screen-reader-text\"> \"Les bienfaits\"<\/span><\/a><\/p>\n","protected":false},"author":1,"featured_media":0,"parent":0,"menu_order":0,"comment_status":"closed","ping_status":"closed","template":"","meta":[],"_links":{"self":[{"href":"https:\/\/jurapilates.com\/index.php\/wp-json\/wp\/v2\/pages\/46"}],"collection":[{"href":"https:\/\/jurapilates.com\/index.php\/wp-json\/wp\/v2\/pages"}],"about":[{"href":"https:\/\/jurapilates.com\/index.php\/wp-json\/wp\/v2\/types\/page"}],"author":[{"embeddable":true,"href":"https:\/\/jurapilates.com\/index.php\/wp-json\/wp\/v2\/users\/1"}],"replies":[{"embeddable":true,"href":"https:\/\/jurapilates.com\/index.php\/wp-json\/wp\/v2\/comments?post=46"}],"version-history":[{"count":3,"href":"https:\/\/jurapilates.com\/index.php\/wp-json\/wp\/v2\/pages\/46\/revisions"}],"predecessor-version":[{"id":182,"href":"https:\/\/jurapilates.com\/index.php\/wp-json\/wp\/v2\/pages\/46\/revisions\/182"}],"wp:attachment":[{"href":"https:\/\/jurapilates.com\/index.php\/wp-json\/wp\/v2\/media?parent=46"}],"curies":[{"name":"wp","href":"https:\/\/api.w.org\/{rel}","templated":true}]}}