{"id":55,"date":"2016-12-05T15:54:22","date_gmt":"2016-12-05T14:54:22","guid":{"rendered":"http:\/\/jurapilates.com\/?page_id=55"},"modified":"2026-04-06T15:47:39","modified_gmt":"2026-04-06T13:47:39","slug":"horaires","status":"publish","type":"page","link":"https:\/\/jurapilates.com\/index.php\/horaires\/","title":{"rendered":"Horaires et tarifs"},"content":{"rendered":"<p><strong style=\"color: #33cccc; font-size: 1.95em;\">Programme session avril juillet 2026<\/strong><\/p>\n<p>Il est possible de s'inscrire \u00e0 tout moment pour une session qui a d\u00e9j\u00e0 commenc\u00e9.<\/p>\n<p><span style=\"color: #ff00ff;\">Certains cours collectifs sont actuellement complet! Testez les cours personnalis\u00e9s, vous trouvez plus d'infos<\/span><strong><span style=\"color: #33cccc;\"> <a style=\"color: #33cccc;\" href=\"https:\/\/jurapilates.com\/index.php\/cours-individuels\/\">ici<\/a><\/span><\/strong>.<\/p>\n<p>Les cours <span style=\"color: #ff00ff;\">tous niveaux <span style=\"color: #000000;\">sont accessible aussi bien aux d\u00e9butants qu'aux personnes confirm\u00e9es. L<\/span><\/span>es exercices sont propos\u00e9s en diff\u00e9rentes variantes afin de permettre \u00e0 chacun de suivre le cours en fonction de son niveau.<\/p>\n<p><span style=\"color: #ff00ff;\"><strong>Les inscriptions sont prises en compte en fonction de leur ordre d\u2019arriv\u00e9e.<\/strong><\/span><\/p>\n<p><strong>Pour les cours Pro Senectute<\/strong>, merci de contacter directement le secr\u00e9tariat Pro Senectute: <span style=\"color: #ff00ff;\"><a style=\"color: #ff00ff;\" href=\"https:\/\/arcjurassien.prosenectute.ch\/fr\/contact\/tavannes.html\">Pro Senectute Arc jurassien - Tavannes<\/a><\/span><\/p>\n<p><span style=\"color: #000000;\">Pour vous inscrire, veuillez envoyer un mail avec vos coordonn\u00e9es \u00e0<\/span>\u00a0<span style=\"color: #33cccc;\"><a style=\"color: #33cccc;\" href=\"mailto: corineestoppey@yahoo.com\">Jura Pilates.<\/a><\/span><\/p>\n<table>\n<tbody>\n<tr>\n<td width=\"151\"><strong>Lundi<\/strong><\/td>\n<td width=\"151\"><strong>Mardi<\/strong><\/td>\n<td width=\"151\"><strong>Mercredi<\/strong><\/td>\n<td width=\"151\"><strong>Jeudi<\/strong><\/td>\n<\/tr>\n<tr>\n<td width=\"151\"><\/td>\n<td width=\"151\">8h15-9h15<\/p>\n<p>Tavannes<\/p>\n<p><span style=\"color: #ff0000;\">Complet<\/span><\/td>\n<td style=\"padding-left: 40px;\" width=\"151\"><\/td>\n<td width=\"151\">9h15-10h15<\/p>\n<p>Tavannes<\/p>\n<p><span style=\"color: #ff0000;\">Complet<\/span><\/td>\n<\/tr>\n<tr>\n<td width=\"151\"><\/td>\n<td width=\"151\"><\/td>\n<td width=\"151\"><\/td>\n<td width=\"151\"><\/td>\n<\/tr>\n<tr>\n<td width=\"151\">17h45-18h45<\/p>\n<p>Saint Imier<\/p>\n<p><span style=\"color: #ff0000;\">Complet<\/span><\/td>\n<td width=\"151\">17h00-18h00<\/p>\n<p>Tavannes<\/p>\n<p><span style=\"color: #008000;\">3 places disponibles<\/span><\/td>\n<td width=\"151\">18h15-19h15<\/p>\n<p>Saint Imier<\/p>\n<p><span style=\"color: #ff0000;\">Complet<\/span><\/td>\n<td width=\"151\">18h00-19h00<\/p>\n<p>Le Noirmont<\/p>\n<p><span style=\"color: #ff0000;\">Complet<\/span><\/td>\n<\/tr>\n<tr>\n<td width=\"151\">19h30-20h30<\/p>\n<p>Tavannes<\/p>\n<p><span style=\"color: #ff0000;\">Complet<\/span><\/td>\n<td width=\"151\">18h45-19h45<\/p>\n<p>Le Noirmont<\/p>\n<p><span style=\"color: #ff0000;\">Complet<\/span><\/td>\n<td width=\"151\">19h15-20h15<\/p>\n<p>Saint Imier<\/p>\n<p><span style=\"color: #ff0000;\">Complet<\/span><\/td>\n<td width=\"151\">19h00-20h00<\/p>\n<p>Le Noirmont<\/p>\n<p><strong>Avanc\u00e9<\/strong><\/p>\n<p><span style=\"color: #ff0000;\"><span style=\"color: #339966;\">1 places disponibles<\/span><\/span><\/td>\n<\/tr>\n<tr>\n<td width=\"151\">20h30-21h30<\/p>\n<p>Tavannes<\/p>\n<p><span style=\"color: #008000;\">1 place disponible<\/span><\/td>\n<td width=\"151\">19h45-20h45<\/p>\n<p>Le Noirmont<\/p>\n<p><span style=\"color: #008000;\">2 places disponibles<\/span><\/td>\n<td width=\"151\">20h15-21h15<\/p>\n<p>Saint Imier<\/p>\n<p><span style=\"color: #008000;\">2 places disponibles<\/span><\/td>\n<td width=\"151\"><\/td>\n<\/tr>\n<\/tbody>\n<\/table>\n<p><span style=\"color: #ffffff;\">.<\/span><\/p>\n<p><span style=\"color: #33cccc;\"><strong>D\u00e9but\/fin de la session<\/strong><\/span><\/p>\n<p><span style=\"font-size: 11.0pt;\">Dates:\u00a0\u00a0\u00a0\u00a0\u00a0\u00a0\u00a0\u00a0\u00a0\u00a0\u00a0\u00a0 lundi 20 avril 2026 - jeudi 2 juillet 2026<\/span><\/p>\n<p><span style=\"font-size: 11.0pt;\">Pas de cours: Jeudi 14 mai, lundi 25 mai, jeudi 4 juin (JU), mardi 23 juin (JU)<\/span><\/p>\n<p><span style=\"color: #33cccc;\"><strong>Tarif\u00a0 \u00a0 \u00a0 \u00a0 \u00a0 \u00a0 \u00a0 \u00a0 \u00a0\u00a0<\/strong><\/span><\/p>\n<p>11 le\u00e7ons de 55 minutes, CHF 220.-<\/p>\n<p><span style=\"color: #33cccc;\"><strong>Lieux de cours\u00a0<\/strong><\/span><\/p>\n<p><strong>Tavannes <span style=\"color: #ff00ff;\">lundi et mardi 8h15<\/span>, <\/strong><span style=\"color: #000000;\">Salle de paroisse, Rue g\u00e9n\u00e9ral Voirol 7 (\u00e0 gauche de l'\u00e9glise)<\/span><\/p>\n<p><strong>Tavannes <span style=\"color: #ff00ff;\">mardi 17h00 et jeudi<\/span>, <\/strong>Centre Physiosant\u00e9<span style=\"color: #000000;\">, Rue H.-F. Sandoz 66 (entr\u00e9e La Pimpini\u00e8re, sur la droite, porte vers l\u2019ascenseur)<\/span><\/p>\n<p><span style=\"color: #000000;\"><strong>Saint-Imier, <\/strong>Salle de l'Union, Rue du Coll\u00e8ge 3, 2610 Saint-Imier<\/span><\/p>\n<p><strong>Le Noirmont<\/strong>, Ecole secondaire, Aula (1er \u00e9tage), Rue des coll\u00e8ges 4<\/p>\n<p><span style=\"color: #ffffff;\">.<\/span><\/p>\n<h3><span style=\"color: #33cccc;\"><strong>Tarifs<\/strong><\/span><\/h3>\n<p>Les inscriptions aux cours collectifs se font par sessions (voir ci-dessous). Chaque le\u00e7on dure 55 minutes. <span style=\"color: #33cccc;\">Il est \u00e0 tout moment possible de commencer une session en cours.\u00a0<\/span><\/p>\n<table style=\"height: 373px;\" width=\"578\">\n<tbody>\n<tr>\n<td width=\"175\">1\u00a0le\u00e7on\/semaine<\/td>\n<td width=\"77\">20.-\/le\u00e7on<\/td>\n<td width=\"190\">-20% sur le deuxi\u00e8me cours<\/td>\n<\/tr>\n<tr>\n<td width=\"175\">Le\u00e7on \u00e0 l\u2019unit\u00e9<\/td>\n<td width=\"77\">23.-\/le\u00e7on<\/td>\n<td><\/td>\n<\/tr>\n<tr>\n<td width=\"175\">Essai<\/td>\n<td width=\"77\">Gratuit<\/td>\n<td width=\"190\">1 le\u00e7on sur inscription<\/p>\n<p>Uniquement pour les nouveaux participants<\/p>\n<p>Voir aussi:<span style=\"color: #33cccc;\"> <a style=\"color: #33cccc;\" href=\"http:\/\/jurapilates.com\/index.php\/pour-qui\/\">Pour qui?<\/a><\/span><\/td>\n<\/tr>\n<\/tbody>\n<\/table>\n<h3><span style=\"color: #ffffff;\">.<\/span><\/h3>\n<h3><span style=\"color: #33cccc;\"><strong>Sessions<\/strong><\/span><\/h3>\n<p><span style=\"color: #33cccc;\">Jura Pilates<\/span> propose 4 sessions par ann\u00e9e:<\/p>\n<p>Janvier-P\u00e2ques<\/p>\n<p>P\u00e2ques-Vacances d\u2019\u00e9t\u00e9<\/p>\n<p>Vacances d\u2019\u00e9t\u00e9 (offre r\u00e9duite)<\/p>\n<p>Vacances d\u2019\u00e9t\u00e9-No\u00ebl<\/p>\n","protected":false},"excerpt":{"rendered":"<p>Programme session avril juillet 2026 Il est possible de s'inscrire \u00e0 tout moment pour une session qui a d\u00e9j\u00e0 commenc\u00e9. Certains cours collectifs sont actuellement complet! Testez les cours personnalis\u00e9s, vous trouvez plus d'infos ici. Les cours tous niveaux sont accessible aussi bien aux d\u00e9butants qu'aux personnes confirm\u00e9es. Les exercices sont propos\u00e9s en diff\u00e9rentes variantes <a href=\"https:\/\/jurapilates.com\/index.php\/horaires\/\" class=\"more-link\">...continue reading<span class=\"screen-reader-text\"> \"Horaires et tarifs\"<\/span><\/a><\/p>\n","protected":false},"author":1,"featured_media":0,"parent":0,"menu_order":0,"comment_status":"closed","ping_status":"closed","template":"","meta":[],"_links":{"self":[{"href":"https:\/\/jurapilates.com\/index.php\/wp-json\/wp\/v2\/pages\/55"}],"collection":[{"href":"https:\/\/jurapilates.com\/index.php\/wp-json\/wp\/v2\/pages"}],"about":[{"href":"https:\/\/jurapilates.com\/index.php\/wp-json\/wp\/v2\/types\/page"}],"author":[{"embeddable":true,"href":"https:\/\/jurapilates.com\/index.php\/wp-json\/wp\/v2\/users\/1"}],"replies":[{"embeddable":true,"href":"https:\/\/jurapilates.com\/index.php\/wp-json\/wp\/v2\/comments?post=55"}],"version-history":[{"count":396,"href":"https:\/\/jurapilates.com\/index.php\/wp-json\/wp\/v2\/pages\/55\/revisions"}],"predecessor-version":[{"id":1109,"href":"https:\/\/jurapilates.com\/index.php\/wp-json\/wp\/v2\/pages\/55\/revisions\/1109"}],"wp:attachment":[{"href":"https:\/\/jurapilates.com\/index.php\/wp-json\/wp\/v2\/media?parent=55"}],"curies":[{"name":"wp","href":"https:\/\/api.w.org\/{rel}","templated":true}]}}