{"id":73,"date":"2016-12-05T15:58:34","date_gmt":"2016-12-05T14:58:34","guid":{"rendered":"http:\/\/jurapilates.com\/?page_id=73"},"modified":"2025-07-16T11:07:50","modified_gmt":"2025-07-16T09:07:50","slug":"conditions-generales","status":"publish","type":"page","link":"https:\/\/jurapilates.com\/index.php\/conditions-generales\/","title":{"rendered":"Conditions g\u00e9n\u00e9rales Jura Pilates"},"content":{"rendered":"<p><strong>Termes et conditions g\u00e9n\u00e9rales de Jura Pilates<\/strong><\/p>\n<p>1.Inscription<\/p>\n<p>La participation \u00e0 un cours est possible \u00e0 tout moment en cas de place libre. Pour les d\u00e9butants sans connaissances pr\u00e9alables, un cours priv\u00e9 de 55 minutes est recommand\u00e9 pour acc\u00e9der aux cours. L'inscription par \u00e9crit est consid\u00e9r\u00e9e comme contraignante. Il autorise le participant \u00e0 participer, contre paiement du prix du cours, \u00e0 l\u2019horaire pour lequel il s\u2019est inscrit.<\/p>\n<p>Tous les nouveaux clients doivent remplir le pr\u00e9sent contrat une seule fois, lors de l\u2019\u00e9tablissement du premier abonnement.<\/p>\n<p>2. Abonnement<\/p>\n<p>Le participant peut se renseigner sur son abonnement (p\u00e9riode de validit\u00e9, prix, etc.) \u00e0 tout moment sur demande au moniteur du cours.<\/p>\n<p>Les abonnements ont une p\u00e9riode de validit\u00e9 fixe et l'abonnement se termine automatiquement \u00e0 l'expiration de cette p\u00e9riode. Le renouvellement ou la modification de l'abonnement peut \u00eatre effectu\u00e9 par \u00e9crit ou en signant la feuille de renouvellement pr\u00e9sent\u00e9e en fin de session. Ces conditions g\u00e9n\u00e9rales s'appliquent \u00e9galement aux abonnements futurs. Tous les abonnements sont personnels et intransmissibles.<\/p>\n<p>3. Absences<\/p>\n<p>En cas d\u2019absence, les le\u00e7ons peuvent \u00eatre r\u00e9cup\u00e9r\u00e9es et sont \u00e0 effectuer avant ou apr\u00e8s la le\u00e7on annul\u00e9e, pendant la p\u00e9riode de validit\u00e9 de l'abonnement correspondant, \u00e0 condition qu'il y ait de la place dans un cours. Pour r\u00e9cup\u00e9rer les le\u00e7ons manqu\u00e9es, toute l'offre de cours peut \u00eatre utilis\u00e9e, tant que le cours s\u00e9lectionn\u00e9 est situ\u00e9 dans le m\u00eame secteur de prix. Les offres de cours d'un autre secteur de prix peuvent \u00e9galement \u00eatre utilis\u00e9es contre le paiement de frais suppl\u00e9mentaires. Il n'y a pas de droit \u00e0 une r\u00e9duction ou \u00e0 un remboursement du prix de l'abonnement.<\/p>\n<p>En cas d'absence m\u00e9dicale (maladie \/ accident) et sur la pr\u00e9sentation d\u2019un certificat m\u00e9dical, les cours non suivis peuvent \u00eatre d\u00e9duits du prochain abonnement ou sont rembours\u00e9s.<\/p>\n<p>En cas de grossesse, les le\u00e7ons manqu\u00e9es sont rembours\u00e9es d\u00e8s l\u2019absence d\u00e9finitive aux cours.<\/p>\n<p>4. Offre\/Prix<\/p>\n<p>Jura Pilates peut modifier les conditions g\u00e9n\u00e9rales ainsi que l'offre et les prix \u00e0 tout moment. Les prix actuels peuvent \u00eatre consult\u00e9s sur le site www.jurapilates.com. Les modifications seront communiqu\u00e9es au participant par \u00e9crit ou de toute autre mani\u00e8re appropri\u00e9e. Elles sont consid\u00e9r\u00e9es comme approuv\u00e9es sauf si l\u2019abonnement est r\u00e9sili\u00e9 par \u00e9crit. Les modifications de l'offre de cours et le changement des instructeurs restent r\u00e9serv\u00e9s.<\/p>\n<p>5. Conditions de paiement<\/p>\n<p>Le montant de l\u2019abonnement est d\u00fb au plus tard 2 semaines apr\u00e8s la date d\u2019inscription. Si n\u00e9cessaire, un arrangement de paiement peut \u00eatre demand\u00e9. Le montant peut \u00eatre pay\u00e9 en esp\u00e8ces ou par virement bancaire. Les paiements par Twint ne sont pas accept\u00e9s. Le participant au cours se trouve en d\u00e9faut de paiement sans avertissement si le paiement n\u2019est pas effectu\u00e9 comme convenu. Si le participant doit \u00eatre averti en raison d\u2019un retard de paiement, Jura Pilates se r\u00e9serve le droit de pr\u00e9lever des frais de CHF 20.-. Tous les autres co\u00fbts et d\u00e9penses li\u00e9s au recouvrement des cr\u00e9ances en souffrance sont \u00e9galement \u00e0 la charge du participant.<\/p>\n<p>6. Utilisation\/Responsabilit\u00e9<\/p>\n<p>L'utilisation des installations et des cours de Jura Pilates se fait aux risques et p\u00e9rils de l\u2019utilisateur. Jura Pilates d\u00e9cline toute responsabilit\u00e9 - dans la mesure o\u00f9 la loi le permet - pour les dommages ou blessures pouvant survenir lors de l'exercice de tout programme. La responsabilit\u00e9 pour la perte de biens et d'objets de valeur de toute sorte est \u00e9galement exclue. Les participants s'engagent \u00e0 signaler les changements de leur \u00e9tat de sant\u00e9. Dans leur propre int\u00e9r\u00eat, les participants doivent informer la direction du cours des maladies existantes, des plaintes, en cas de grossesse, etc.<\/p>\n<p>En cas de fermeture op\u00e9rationnelle du centre Jura Pilates ainsi que de manquement pouvant aller jusqu'\u00e0 deux semaines et qui ne sont pas de la responsabilit\u00e9 de Jura Pilates (cas de force majeure), le participant n'a pas droit \u00e0 une indemnisation. Si la fermeture dure plus de deux semaines, le contrat ou la dur\u00e9e de l'offre d'exercice est automatiquement prolong\u00e9 \u00e0 la date de cl\u00f4ture qui d\u00e9passe les deux semaines.<\/p>\n<p>7. Juridiction<\/p>\n<p>Le tribunal comp\u00e9tent pour les deux parties est Bellelay. Le droit suisse est applicable \u00e0 la pr\u00e9sente relation contractuelle.<\/p>\n<p>8. Divers<\/p>\n<p>En dehors des cours de mouvement actuels (en particulier pendant les vacances), Jura Pilates peut proposer des cours de vacances. Des d\u00e9rogations aux conditions des abonnements en vigueur sont possibles pendant ce temps . Les d\u00e9tails de ces cours de vacances (prix, validit\u00e9 des abonnements, etc.) peuvent \u00eatre trouv\u00e9s dans le descriptif de l\u2019offre. L\u2019adh\u00e9sion est contraignante.<\/p>\n","protected":false},"excerpt":{"rendered":"<p>Termes et conditions g\u00e9n\u00e9rales de Jura Pilates 1.Inscription La participation \u00e0 un cours est possible \u00e0 tout moment en cas de place libre. Pour les d\u00e9butants sans connaissances pr\u00e9alables, un cours priv\u00e9 de 55 minutes est recommand\u00e9 pour acc\u00e9der aux cours. L'inscription par \u00e9crit est consid\u00e9r\u00e9e comme contraignante. Il autorise le participant \u00e0 participer, contre <a href=\"https:\/\/jurapilates.com\/index.php\/conditions-generales\/\" class=\"more-link\">...continue reading<span class=\"screen-reader-text\"> \"Conditions g\u00e9n\u00e9rales Jura Pilates\"<\/span><\/a><\/p>\n","protected":false},"author":1,"featured_media":0,"parent":0,"menu_order":0,"comment_status":"closed","ping_status":"closed","template":"","meta":[],"_links":{"self":[{"href":"https:\/\/jurapilates.com\/index.php\/wp-json\/wp\/v2\/pages\/73"}],"collection":[{"href":"https:\/\/jurapilates.com\/index.php\/wp-json\/wp\/v2\/pages"}],"about":[{"href":"https:\/\/jurapilates.com\/index.php\/wp-json\/wp\/v2\/types\/page"}],"author":[{"embeddable":true,"href":"https:\/\/jurapilates.com\/index.php\/wp-json\/wp\/v2\/users\/1"}],"replies":[{"embeddable":true,"href":"https:\/\/jurapilates.com\/index.php\/wp-json\/wp\/v2\/comments?post=73"}],"version-history":[{"count":13,"href":"https:\/\/jurapilates.com\/index.php\/wp-json\/wp\/v2\/pages\/73\/revisions"}],"predecessor-version":[{"id":1078,"href":"https:\/\/jurapilates.com\/index.php\/wp-json\/wp\/v2\/pages\/73\/revisions\/1078"}],"wp:attachment":[{"href":"https:\/\/jurapilates.com\/index.php\/wp-json\/wp\/v2\/media?parent=73"}],"curies":[{"name":"wp","href":"https:\/\/api.w.org\/{rel}","templated":true}]}}