{"id":75,"date":"2016-12-05T15:58:53","date_gmt":"2016-12-05T14:58:53","guid":{"rendered":"http:\/\/jurapilates.com\/?page_id=75"},"modified":"2025-07-23T14:27:37","modified_gmt":"2025-07-23T12:27:37","slug":"contact","status":"publish","type":"page","link":"https:\/\/jurapilates.com\/index.php\/contact\/","title":{"rendered":"Contact"},"content":{"rendered":"<p><strong><span style=\"color: #ff00ff;\">Pour vous inscrire \u00e0 un cours ou pour des informations, veuillez envoyer un mail avec vos coordonn\u00e9es \u00e0<\/span>\u00a0<span style=\"color: #33cccc;\"><a style=\"color: #33cccc;\" href=\"mailto: corineestoppey@yahoo.com\">Jura Pilates.<\/a><\/span><\/strong><\/p>\n<p><span style=\"color: #33cccc;\"><strong>Corine Estoppey<\/strong><\/span><\/p>\n<p><a href=\"mailto:corine.estoppey@hotmail.com\"><span style=\"color: #33cccc;\">corine.estoppey@hotmail.com<\/span><\/a><\/p>\n<p><span style=\"color: #33cccc;\">+41 (0)77 412 12 13 (appels ou whatsapp)<a style=\"color: #33cccc;\" href=\"mailto:corineestoppey@yahoo.com\"><br \/><\/a><\/span><\/p>\n<p>IBAN: CH35 0079 0016 6277 7064 9<\/p>\n<p>Pas de paiement par twint, merci<\/p>\n\n\n<p><\/p>\n","protected":false},"excerpt":{"rendered":"<p>Pour vous inscrire \u00e0 un cours ou pour des informations, veuillez envoyer un mail avec vos coordonn\u00e9es \u00e0\u00a0Jura Pilates. Corine Estoppey corine.estoppey@hotmail.com +41 (0)77 412 12 13 (appels ou whatsapp) IBAN: CH35 0079 0016 6277 7064 9 Pas de paiement par twint, merci<\/p>\n","protected":false},"author":1,"featured_media":0,"parent":0,"menu_order":0,"comment_status":"closed","ping_status":"closed","template":"page-templates\/full-width.php","meta":[],"_links":{"self":[{"href":"https:\/\/jurapilates.com\/index.php\/wp-json\/wp\/v2\/pages\/75"}],"collection":[{"href":"https:\/\/jurapilates.com\/index.php\/wp-json\/wp\/v2\/pages"}],"about":[{"href":"https:\/\/jurapilates.com\/index.php\/wp-json\/wp\/v2\/types\/page"}],"author":[{"embeddable":true,"href":"https:\/\/jurapilates.com\/index.php\/wp-json\/wp\/v2\/users\/1"}],"replies":[{"embeddable":true,"href":"https:\/\/jurapilates.com\/index.php\/wp-json\/wp\/v2\/comments?post=75"}],"version-history":[{"count":22,"href":"https:\/\/jurapilates.com\/index.php\/wp-json\/wp\/v2\/pages\/75\/revisions"}],"predecessor-version":[{"id":1083,"href":"https:\/\/jurapilates.com\/index.php\/wp-json\/wp\/v2\/pages\/75\/revisions\/1083"}],"wp:attachment":[{"href":"https:\/\/jurapilates.com\/index.php\/wp-json\/wp\/v2\/media?parent=75"}],"curies":[{"name":"wp","href":"https:\/\/api.w.org\/{rel}","templated":true}]}}